{"id":3289,"date":"2023-09-28T08:11:17","date_gmt":"2023-09-28T07:11:17","guid":{"rendered":"https:\/\/iotmadlab.es\/news\/"},"modified":"2024-06-06T16:41:47","modified_gmt":"2024-06-06T15:41:47","slug":"news","status":"publish","type":"page","link":"https:\/\/iotmadlab.es\/en\/news\/","title":{"rendered":"News"},"content":{"rendered":"<section class=\" ct-section iot-section header-pages-section\" >\n    \n    <div class=\"ct-section-inner-wrap\">\n        <h1 class=\"ct-headline iot-title__s blue\">News<\/h1>\n        <div class=\"ct-div-block\">\n                    <\/div>\n    <\/div>\n<\/section>\n\n<section class=\"listado-noticias\" ><nav class=\"listado-noticias__filter\">\n\t\t\t<div class=\"wp-block-columns has-background is-layout-flex wp-block-columns-is-layout-flex\">\n\t\t\t\t<div class=\"wp-block-column is-layout-flow wp-block-column-is-layout-flow\">\n\t\t\t\t\t<div class=\"items-tabs\"><a class=\"\" href=\"https:\/\/iotmadlab.es\/en\/news\/?cat=167\">Awards<\/a><a class=\"\" href=\"https:\/\/iotmadlab.es\/en\/news\/?cat=120\">Event<\/a><a class=\"\" href=\"https:\/\/iotmadlab.es\/en\/news\/?cat=121\">Present time<\/a><a class=\"\" href=\"https:\/\/iotmadlab.es\/en\/news\/?cat=197\">Project<\/a><a class=\"\" href=\"https:\/\/iotmadlab.es\/en\/news\/?cat=1\">Sin categorizar<\/a><\/div>\n\t\t\t\t\t<div class=\"filter-tabs\">\n\t\t\t\t\t\t<span>OTHER FILTERS<\/span>\n\t\t\t\t\t<\/div>\n\t\t\t\t<\/div>\n\t\t\t<\/div>\n\t\t<\/nav><div class=\"wp-block-columns has-background is-layout-flex wp-block-columns-is-layout-flex\">\n\t\t<div class=\"wp-block-column is-layout-flow wp-block-column-is-layout-flow\">\n\t\t\t<div class=\"listado-noticias__list\">\n\t\t\t\t<div class=\"news-wrap\"><a href=\"https:\/\/iotmadlab.es\/en\/madrid-presents-the-mercamadrid-smart-urban-space-to-promote-the-mobility-of-the-future\/\" class=\"news-item\">\n\t\t\t\t\t\t\t\t<div class=\"img-box\"><img loading=\"lazy\" decoding=\"async\" width=\"640\" height=\"360\" src=\"https:\/\/iotmadlab.es\/wp-content\/uploads\/2026\/03\/Ayto-1024x576.png\" class=\"attachment-large size-large wp-post-image\" alt=\"\" srcset=\"https:\/\/iotmadlab.es\/wp-content\/uploads\/2026\/03\/Ayto-1024x576.png 1024w, https:\/\/iotmadlab.es\/wp-content\/uploads\/2026\/03\/Ayto-300x169.png 300w, https:\/\/iotmadlab.es\/wp-content\/uploads\/2026\/03\/Ayto-768x432.png 768w, https:\/\/iotmadlab.es\/wp-content\/uploads\/2026\/03\/Ayto-1536x864.png 1536w, https:\/\/iotmadlab.es\/wp-content\/uploads\/2026\/03\/Ayto.png 1920w\" sizes=\"auto, (max-width: 640px) 100vw, 640px\" \/><\/div>\n\t\t\t\t\t\t\t\t<div class=\"text-container\">\n\t\t\t\t\t\t\t\t\t<div class=\"text-wrapper\">\n\t\t\t\t\t\t\t\t\t\t<h4>Madrid presents the Mercamadrid Smart Urban Space to promote the mobility of the future<\/h4>\n\t\t\t\t\t\t\t\t\t\t<p>March 11, 2026 Mercamadrid is establishing itself as an urban laboratory for experimenting with new mobility and energy solutions as part of the European Mobilities for EU project On Wednesday 11 March, the Mercamadrid Smart Urban Space and its first autonomous and connected bus were unveiled, an initiative that forms part of the European Mobilities [&hellip;]<\/p>\n\t\t\t\t\t\t\t\t\t<\/div>\n\n\t\t\t\t\t\t\t\t<\/div>\n\t\t\t\t\t\t\t\t<div class=\"footer-text-wrapper\">\n\t\t\t\t\t\t\t\t\t<p>See news<\/p>\n\t\t\t\t\t\t\t\t<\/div>\n\t\t\t\t\t\t\t\t<div class=\"metas\">\n\t\t\t\t\t\t\t\t\t<span>News<\/span>\n\t\t\t\t\t\t\t\t<\/div>\n\t\t\t\t\t\t\t<\/a><a href=\"https:\/\/iotmadlab.es\/en\/presentation-of-the-ways-companies-can-participate-in-the-madrid-city-intelligence-laboratory\/\" class=\"news-item\">\n\t\t\t\t\t\t\t\t<div class=\"img-box\"><img loading=\"lazy\" decoding=\"async\" width=\"640\" height=\"427\" src=\"https:\/\/iotmadlab.es\/wp-content\/uploads\/2025\/11\/DSC01492-1-1024x683.png\" class=\"attachment-large size-large wp-post-image\" alt=\"\" srcset=\"https:\/\/iotmadlab.es\/wp-content\/uploads\/2025\/11\/DSC01492-1-1024x683.png 1024w, https:\/\/iotmadlab.es\/wp-content\/uploads\/2025\/11\/DSC01492-1-300x200.png 300w, https:\/\/iotmadlab.es\/wp-content\/uploads\/2025\/11\/DSC01492-1-768x512.png 768w, https:\/\/iotmadlab.es\/wp-content\/uploads\/2025\/11\/DSC01492-1-1536x1024.png 1536w, https:\/\/iotmadlab.es\/wp-content\/uploads\/2025\/11\/DSC01492-1-2048x1365.png 2048w\" sizes=\"auto, (max-width: 640px) 100vw, 640px\" \/><\/div>\n\t\t\t\t\t\t\t\t<div class=\"text-container\">\n\t\t\t\t\t\t\t\t\t<div class=\"text-wrapper\">\n\t\t\t\t\t\t\t\t\t\t<h4>Presentation of the ways companies can participate in the Madrid City Intelligence Laboratory<\/h4>\n\t\t\t\t\t\t\t\t\t\t<p>November 24, 2025 Last Monday a presentation was held in the Boardroom of the UPM&#8217;s Telecommunications Engineering School for companies interested in participating in the Madrid City Intelligence Laboratory. The session was led by Asunci\u00f3n Santamar\u00eda and \u00c1lvaro Araujo, representing the Polytechnic University of Madrid, and Sonia Crespo and Fernando \u00c1lvarez, representing the Madrid City [&hellip;]<\/p>\n\t\t\t\t\t\t\t\t\t<\/div>\n\n\t\t\t\t\t\t\t\t<\/div>\n\t\t\t\t\t\t\t\t<div class=\"footer-text-wrapper\">\n\t\t\t\t\t\t\t\t\t<p>See news<\/p>\n\t\t\t\t\t\t\t\t<\/div>\n\t\t\t\t\t\t\t\t<div class=\"metas\">\n\t\t\t\t\t\t\t\t\t<span>News<\/span>\n\t\t\t\t\t\t\t\t<\/div>\n\t\t\t\t\t\t\t<\/a><a href=\"https:\/\/iotmadlab.es\/en\/the-city-intelligence-lab-of-madrid-participated-in-the-smart-city-expo-world-congress-2025\/\" class=\"news-item\">\n\t\t\t\t\t\t\t\t<div class=\"img-box\"><img loading=\"lazy\" decoding=\"async\" width=\"640\" height=\"360\" src=\"https:\/\/iotmadlab.es\/wp-content\/uploads\/2025\/11\/DJI_20251105100512_0018_D-1024x576.jpg\" class=\"attachment-large size-large wp-post-image\" alt=\"\" srcset=\"https:\/\/iotmadlab.es\/wp-content\/uploads\/2025\/11\/DJI_20251105100512_0018_D-1024x576.jpg 1024w, https:\/\/iotmadlab.es\/wp-content\/uploads\/2025\/11\/DJI_20251105100512_0018_D-300x169.jpg 300w, https:\/\/iotmadlab.es\/wp-content\/uploads\/2025\/11\/DJI_20251105100512_0018_D-768x432.jpg 768w, https:\/\/iotmadlab.es\/wp-content\/uploads\/2025\/11\/DJI_20251105100512_0018_D-1536x864.jpg 1536w, https:\/\/iotmadlab.es\/wp-content\/uploads\/2025\/11\/DJI_20251105100512_0018_D-2048x1152.jpg 2048w\" sizes=\"auto, (max-width: 640px) 100vw, 640px\" \/><\/div>\n\t\t\t\t\t\t\t\t<div class=\"text-container\">\n\t\t\t\t\t\t\t\t\t<div class=\"text-wrapper\">\n\t\t\t\t\t\t\t\t\t\t<h4>The City Intelligence Lab of Madrid participated in the Smart City Expo World Congress 2025<\/h4>\n\t\t\t\t\t\t\t\t\t\t<p>November 13, 2025 The City Intelligence Lab of Madrid, established under the collaboration agreement between the Madrid City Council and the Technical University of Madrid (UPM), took part last week in the Smart City Expo World Congress (SCEWC) 2025, held in Barcelona from November 4 to 6. During the congress, the IoT Madrid Lab (IoTMADLab) [&hellip;]<\/p>\n\t\t\t\t\t\t\t\t\t<\/div>\n\n\t\t\t\t\t\t\t\t<\/div>\n\t\t\t\t\t\t\t\t<div class=\"footer-text-wrapper\">\n\t\t\t\t\t\t\t\t\t<p>See news<\/p>\n\t\t\t\t\t\t\t\t<\/div>\n\t\t\t\t\t\t\t\t<div class=\"metas\">\n\t\t\t\t\t\t\t\t\t<span>News<\/span>\n\t\t\t\t\t\t\t\t<\/div>\n\t\t\t\t\t\t\t<\/a><a href=\"https:\/\/iotmadlab.es\/en\/madrid-presents-the-first-smart-urban-space-at-mercamadrid-within-the-european-project-mobilities-for-eu\/\" class=\"news-item\">\n\t\t\t\t\t\t\t\t<div class=\"img-box\"><img loading=\"lazy\" decoding=\"async\" width=\"640\" height=\"360\" src=\"https:\/\/iotmadlab.es\/wp-content\/uploads\/2025\/11\/ASUN-1-1024x576.png\" class=\"attachment-large size-large wp-post-image\" alt=\"\" srcset=\"https:\/\/iotmadlab.es\/wp-content\/uploads\/2025\/11\/ASUN-1-1024x576.png 1024w, https:\/\/iotmadlab.es\/wp-content\/uploads\/2025\/11\/ASUN-1-300x169.png 300w, https:\/\/iotmadlab.es\/wp-content\/uploads\/2025\/11\/ASUN-1-768x432.png 768w, https:\/\/iotmadlab.es\/wp-content\/uploads\/2025\/11\/ASUN-1-1536x864.png 1536w, https:\/\/iotmadlab.es\/wp-content\/uploads\/2025\/11\/ASUN-1.png 1920w\" sizes=\"auto, (max-width: 640px) 100vw, 640px\" \/><\/div>\n\t\t\t\t\t\t\t\t<div class=\"text-container\">\n\t\t\t\t\t\t\t\t\t<div class=\"text-wrapper\">\n\t\t\t\t\t\t\t\t\t\t<h4>Madrid presents the first Smart Urban Space at Mercamadrid within the European project Mobilities for EU<\/h4>\n\t\t\t\t\t\t\t\t\t\t<p>November 11, 2025 Madrid, Capital Digital continues to drive the green, digital, and social transition, promoting a new generation of urban services aligned with the European principles for smart and sustainable cities. Within this framework, Madrid leads, together with Dresden, the European consortium Mobilities for EU, part of the Horizon Europe programme. The project focuses [&hellip;]<\/p>\n\t\t\t\t\t\t\t\t\t<\/div>\n\n\t\t\t\t\t\t\t\t<\/div>\n\t\t\t\t\t\t\t\t<div class=\"footer-text-wrapper\">\n\t\t\t\t\t\t\t\t\t<p>See news<\/p>\n\t\t\t\t\t\t\t\t<\/div>\n\t\t\t\t\t\t\t\t<div class=\"metas\">\n\t\t\t\t\t\t\t\t\t<span>News<\/span>\n\t\t\t\t\t\t\t\t<\/div>\n\t\t\t\t\t\t\t<\/a><a href=\"https:\/\/iotmadlab.es\/en\/iotmadlab-to-participate-in-the-smart-city-expo-world-congress-2025\/\" class=\"news-item\">\n\t\t\t\t\t\t\t\t<div class=\"img-box\"><img loading=\"lazy\" decoding=\"async\" width=\"640\" height=\"360\" src=\"https:\/\/iotmadlab.es\/wp-content\/uploads\/2025\/11\/IoT-Ingles-1024x576.png\" class=\"attachment-large size-large wp-post-image\" alt=\"\" srcset=\"https:\/\/iotmadlab.es\/wp-content\/uploads\/2025\/11\/IoT-Ingles-1024x576.png 1024w, https:\/\/iotmadlab.es\/wp-content\/uploads\/2025\/11\/IoT-Ingles-300x169.png 300w, https:\/\/iotmadlab.es\/wp-content\/uploads\/2025\/11\/IoT-Ingles-768x432.png 768w, https:\/\/iotmadlab.es\/wp-content\/uploads\/2025\/11\/IoT-Ingles-1536x864.png 1536w, https:\/\/iotmadlab.es\/wp-content\/uploads\/2025\/11\/IoT-Ingles.png 1920w\" sizes=\"auto, (max-width: 640px) 100vw, 640px\" \/><\/div>\n\t\t\t\t\t\t\t\t<div class=\"text-container\">\n\t\t\t\t\t\t\t\t\t<div class=\"text-wrapper\">\n\t\t\t\t\t\t\t\t\t\t<h4>IoTMADLab to Participate in the Smart City Expo World Congress 2025<\/h4>\n\t\t\t\t\t\t\t\t\t\t<p>November 3, 2025 The IoTMADLab, the Internet of Things innovation group of the City Intelligence Lab, will take part in the Smart City Expo World Congress (SCEWC) 2025, the world\u2019s leading event on smart cities, to be held in Barcelona from November 4 to 6. IoTMADLab will feature a demonstration panel at the Madrid City [&hellip;]<\/p>\n\t\t\t\t\t\t\t\t\t<\/div>\n\n\t\t\t\t\t\t\t\t<\/div>\n\t\t\t\t\t\t\t\t<div class=\"footer-text-wrapper\">\n\t\t\t\t\t\t\t\t\t<p>See news<\/p>\n\t\t\t\t\t\t\t\t<\/div>\n\t\t\t\t\t\t\t\t<div class=\"metas\">\n\t\t\t\t\t\t\t\t\t<span>News<\/span>\n\t\t\t\t\t\t\t\t<\/div>\n\t\t\t\t\t\t\t<\/a><a href=\"https:\/\/iotmadlab.es\/en\/bachelors-and-masters-thesis-opportunities-virtual-reality-simulators-for-smart-cities\/\" class=\"news-item\">\n\t\t\t\t\t\t\t\t<div class=\"img-box\"><img loading=\"lazy\" decoding=\"async\" width=\"500\" height=\"300\" src=\"https:\/\/iotmadlab.es\/wp-content\/uploads\/2025\/10\/tfmrv.jpg\" class=\"attachment-large size-large wp-post-image\" alt=\"\" srcset=\"https:\/\/iotmadlab.es\/wp-content\/uploads\/2025\/10\/tfmrv.jpg 500w, https:\/\/iotmadlab.es\/wp-content\/uploads\/2025\/10\/tfmrv-300x180.jpg 300w\" sizes=\"auto, (max-width: 500px) 100vw, 500px\" \/><\/div>\n\t\t\t\t\t\t\t\t<div class=\"text-container\">\n\t\t\t\t\t\t\t\t\t<div class=\"text-wrapper\">\n\t\t\t\t\t\t\t\t\t\t<h4>Bachelor\u2019s and Master\u2019s Thesis Opportunities: Virtual Reality Simulators for Smart Cities<\/h4>\n\t\t\t\t\t\t\t\t\t\t<p>October 27, 2025 Are you a\u00a0Bachelor\u2019s or Master\u2019s student\u00a0in\u00a0Telecommunications, Computer Science, or a related field?Are you interested in\u00a0virtual reality,\u00a03D scene creation, and\u00a0interactive environments?This is your chance to join a\u00a0real project\u00a0that is helping to transform\u00a0Madrid into a Smart City! The&nbsp;CeDInt-UPM (Centre for Smart Infrastructure and Energy, Universidad Polit\u00e9cnica de Madrid)&nbsp;offers&nbsp;Bachelor\u2019s and Master\u2019s Thesis Projects&nbsp;(TFG\/TFM) within a [&hellip;]<\/p>\n\t\t\t\t\t\t\t\t\t<\/div>\n\n\t\t\t\t\t\t\t\t<\/div>\n\t\t\t\t\t\t\t\t<div class=\"footer-text-wrapper\">\n\t\t\t\t\t\t\t\t\t<p>See news<\/p>\n\t\t\t\t\t\t\t\t<\/div>\n\t\t\t\t\t\t\t\t<div class=\"metas\">\n\t\t\t\t\t\t\t\t\t<span>News<\/span>\n\t\t\t\t\t\t\t\t<\/div>\n\t\t\t\t\t\t\t<\/a><a href=\"https:\/\/iotmadlab.es\/en\/develop-your-bachelors-or-masters-thesis-at-the-heart-of-iot-madrid-smart-city\/\" class=\"news-item\">\n\t\t\t\t\t\t\t\t<div class=\"img-box\"><img loading=\"lazy\" decoding=\"async\" width=\"500\" height=\"300\" src=\"https:\/\/iotmadlab.es\/wp-content\/uploads\/2025\/10\/ofertastfmstfgsiotmadlab.jpg\" class=\"attachment-large size-large wp-post-image\" alt=\"\" srcset=\"https:\/\/iotmadlab.es\/wp-content\/uploads\/2025\/10\/ofertastfmstfgsiotmadlab.jpg 500w, https:\/\/iotmadlab.es\/wp-content\/uploads\/2025\/10\/ofertastfmstfgsiotmadlab-300x180.jpg 300w\" sizes=\"auto, (max-width: 500px) 100vw, 500px\" \/><\/div>\n\t\t\t\t\t\t\t\t<div class=\"text-container\">\n\t\t\t\t\t\t\t\t\t<div class=\"text-wrapper\">\n\t\t\t\t\t\t\t\t\t\t<h4>Develop Your Bachelor\u2019s or Master\u2019s Thesis at the Heart of IoT: Madrid Smart City<\/h4>\n\t\t\t\t\t\t\t\t\t\t<p>October 27, 2025 Are you interested in electronic systems, IoT networks, and smart cities? This is your opportunity to take part in a&nbsp;real project&nbsp;that is transforming Madrid into a&nbsp;Smart City! Topic of the Final Thesis Projects (TFTs) Integration of IoT networks for smart cities. Validation through pilot deployments. The&nbsp;Bachelor\u2019s and Master\u2019s Thesis Projects&nbsp;will be developed [&hellip;]<\/p>\n\t\t\t\t\t\t\t\t\t<\/div>\n\n\t\t\t\t\t\t\t\t<\/div>\n\t\t\t\t\t\t\t\t<div class=\"footer-text-wrapper\">\n\t\t\t\t\t\t\t\t\t<p>See news<\/p>\n\t\t\t\t\t\t\t\t<\/div>\n\t\t\t\t\t\t\t\t<div class=\"metas\">\n\t\t\t\t\t\t\t\t\t<span>News<\/span>\n\t\t\t\t\t\t\t\t<\/div>\n\t\t\t\t\t\t\t<\/a><a href=\"https:\/\/iotmadlab.es\/en\/tender-for-the-deployment-and-operation-of-smart-urban-spaces-and-the-city-intelligence-center-in-madrid\/\" class=\"news-item\">\n\t\t\t\t\t\t\t\t<div class=\"img-box\"><img loading=\"lazy\" decoding=\"async\" width=\"640\" height=\"360\" src=\"https:\/\/iotmadlab.es\/wp-content\/uploads\/2025\/10\/Ingles-1024x576.png\" class=\"attachment-large size-large wp-post-image\" alt=\"\" srcset=\"https:\/\/iotmadlab.es\/wp-content\/uploads\/2025\/10\/Ingles-1024x576.png 1024w, https:\/\/iotmadlab.es\/wp-content\/uploads\/2025\/10\/Ingles-300x169.png 300w, https:\/\/iotmadlab.es\/wp-content\/uploads\/2025\/10\/Ingles-768x432.png 768w, https:\/\/iotmadlab.es\/wp-content\/uploads\/2025\/10\/Ingles-1536x864.png 1536w, https:\/\/iotmadlab.es\/wp-content\/uploads\/2025\/10\/Ingles.png 1920w\" sizes=\"auto, (max-width: 640px) 100vw, 640px\" \/><\/div>\n\t\t\t\t\t\t\t\t<div class=\"text-container\">\n\t\t\t\t\t\t\t\t\t<div class=\"text-wrapper\">\n\t\t\t\t\t\t\t\t\t\t<h4>Tender for the deployment and operation of Smart Urban Spaces and the City Intelligence Center in Madrid<\/h4>\n\t\t\t\t\t\t\t\t\t\t<p>October 23, 2025 The Madrid City Council, through the General Coordination of the Mayor&#8217;s Office, has put out to tender a service contract worth more than \u20ac8.8 million for the deployment and operation of Smart Urban Spaces, the city operating system, and the City Intelligence Interpretation Center, within the &#8220;Madrid Digital Capital&#8221; project. The contract, [&hellip;]<\/p>\n\t\t\t\t\t\t\t\t\t<\/div>\n\n\t\t\t\t\t\t\t\t<\/div>\n\t\t\t\t\t\t\t\t<div class=\"footer-text-wrapper\">\n\t\t\t\t\t\t\t\t\t<p>See news<\/p>\n\t\t\t\t\t\t\t\t<\/div>\n\t\t\t\t\t\t\t\t<div class=\"metas\">\n\t\t\t\t\t\t\t\t\t<span>News<\/span>\n\t\t\t\t\t\t\t\t<\/div>\n\t\t\t\t\t\t\t<\/a><a href=\"https:\/\/iotmadlab.es\/en\/iotmadlab-will-participate-in-the-smart-city-interoperability-test-event-2025\/\" class=\"news-item\">\n\t\t\t\t\t\t\t\t<div class=\"img-box\"><img loading=\"lazy\" decoding=\"async\" width=\"640\" height=\"360\" src=\"https:\/\/iotmadlab.es\/wp-content\/uploads\/2025\/10\/OMA-Logo-1024x576.png\" class=\"attachment-large size-large wp-post-image\" alt=\"\" srcset=\"https:\/\/iotmadlab.es\/wp-content\/uploads\/2025\/10\/OMA-Logo-1024x576.png 1024w, https:\/\/iotmadlab.es\/wp-content\/uploads\/2025\/10\/OMA-Logo-300x169.png 300w, https:\/\/iotmadlab.es\/wp-content\/uploads\/2025\/10\/OMA-Logo-768x432.png 768w, https:\/\/iotmadlab.es\/wp-content\/uploads\/2025\/10\/OMA-Logo-1536x864.png 1536w, https:\/\/iotmadlab.es\/wp-content\/uploads\/2025\/10\/OMA-Logo.png 1920w\" sizes=\"auto, (max-width: 640px) 100vw, 640px\" \/><\/div>\n\t\t\t\t\t\t\t\t<div class=\"text-container\">\n\t\t\t\t\t\t\t\t\t<div class=\"text-wrapper\">\n\t\t\t\t\t\t\t\t\t\t<h4>IoTMADLab will participate in the Smart City Interoperability Test Event 2025<\/h4>\n\t\t\t\t\t\t\t\t\t\t<p>October 6, 2025 From October 22 to 23, 2025, the Open Mobile Alliance (OMA) will hold its first virtual smart city interoperability testing event: the Smart City Interoperability Test Event 2025. This test will bring together device manufacturers, solution developers, and public entities to validate implementations based on the OMA\/uCIFI Smart City data model. The [&hellip;]<\/p>\n\t\t\t\t\t\t\t\t\t<\/div>\n\n\t\t\t\t\t\t\t\t<\/div>\n\t\t\t\t\t\t\t\t<div class=\"footer-text-wrapper\">\n\t\t\t\t\t\t\t\t\t<p>See news<\/p>\n\t\t\t\t\t\t\t\t<\/div>\n\t\t\t\t\t\t\t\t<div class=\"metas\">\n\t\t\t\t\t\t\t\t\t<span>News<\/span>\n\t\t\t\t\t\t\t\t<\/div>\n\t\t\t\t\t\t\t<\/a><a href=\"https:\/\/iotmadlab.es\/en\/iotmadlab-is-seeking-an-rd-project-manager-to-join-the-cedint-team\/\" class=\"news-item\">\n\t\t\t\t\t\t\t\t<div class=\"img-box\"><img loading=\"lazy\" decoding=\"async\" width=\"640\" height=\"426\" src=\"https:\/\/iotmadlab.es\/wp-content\/uploads\/2025\/09\/DSC02590-2048x1363-1-1024x682.jpg\" class=\"attachment-large size-large wp-post-image\" alt=\"\" srcset=\"https:\/\/iotmadlab.es\/wp-content\/uploads\/2025\/09\/DSC02590-2048x1363-1-1024x682.jpg 1024w, https:\/\/iotmadlab.es\/wp-content\/uploads\/2025\/09\/DSC02590-2048x1363-1-300x200.jpg 300w, https:\/\/iotmadlab.es\/wp-content\/uploads\/2025\/09\/DSC02590-2048x1363-1-768x511.jpg 768w, https:\/\/iotmadlab.es\/wp-content\/uploads\/2025\/09\/DSC02590-2048x1363-1-1536x1022.jpg 1536w, https:\/\/iotmadlab.es\/wp-content\/uploads\/2025\/09\/DSC02590-2048x1363-1.jpg 2048w\" sizes=\"auto, (max-width: 640px) 100vw, 640px\" \/><\/div>\n\t\t\t\t\t\t\t\t<div class=\"text-container\">\n\t\t\t\t\t\t\t\t\t<div class=\"text-wrapper\">\n\t\t\t\t\t\t\t\t\t\t<h4>IoTMADLab is seeking an R&amp;D project manager to join the Cedint team<\/h4>\n\t\t\t\t\t\t\t\t\t\t<p>September 26, 2025 The Cedint UPM\u00a0is opening a selection process to recruit an R&amp;D Project Manager within the framework of the agreement with Madrid City Council for the application of smart city technologies in municipal services (2024-2028). The position offers the opportunity to work in an innovative university environment with a high scientific impact, within [&hellip;]<\/p>\n\t\t\t\t\t\t\t\t\t<\/div>\n\n\t\t\t\t\t\t\t\t<\/div>\n\t\t\t\t\t\t\t\t<div class=\"footer-text-wrapper\">\n\t\t\t\t\t\t\t\t\t<p>See news<\/p>\n\t\t\t\t\t\t\t\t<\/div>\n\t\t\t\t\t\t\t\t<div class=\"metas\">\n\t\t\t\t\t\t\t\t\t<span>News<\/span>\n\t\t\t\t\t\t\t\t<\/div>\n\t\t\t\t\t\t\t<\/a><a href=\"https:\/\/iotmadlab.es\/en\/a-delegation-of-25-mexican-teachers-visited-cedint-on-monday-morning-22nd\/\" class=\"news-item\">\n\t\t\t\t\t\t\t\t<div class=\"img-box\"><img loading=\"lazy\" decoding=\"async\" width=\"640\" height=\"360\" src=\"https:\/\/iotmadlab.es\/wp-content\/uploads\/2025\/09\/DSC00464-1024x576.jpg\" class=\"attachment-large size-large wp-post-image\" alt=\"\" srcset=\"https:\/\/iotmadlab.es\/wp-content\/uploads\/2025\/09\/DSC00464-1024x576.jpg 1024w, https:\/\/iotmadlab.es\/wp-content\/uploads\/2025\/09\/DSC00464-300x169.jpg 300w, https:\/\/iotmadlab.es\/wp-content\/uploads\/2025\/09\/DSC00464-768x432.jpg 768w, https:\/\/iotmadlab.es\/wp-content\/uploads\/2025\/09\/DSC00464-1536x864.jpg 1536w, https:\/\/iotmadlab.es\/wp-content\/uploads\/2025\/09\/DSC00464-2048x1152.jpg 2048w\" sizes=\"auto, (max-width: 640px) 100vw, 640px\" \/><\/div>\n\t\t\t\t\t\t\t\t<div class=\"text-container\">\n\t\t\t\t\t\t\t\t\t<div class=\"text-wrapper\">\n\t\t\t\t\t\t\t\t\t\t<h4>IoTMADLab welcomes a delegation of 25 Mexican university professors<\/h4>\n\t\t\t\t\t\t\t\t\t\t<p>September 25, 2025 During their stay in Madrid, a delegation of 25 Mexican university professors, coordinated by TrepCamp, visited the CeDInt on the morning of Monday 22nd. The aim of the visit was to gain first-hand knowledge of the city&#8217;s innovation ecosystem and explore possible academic and technological collaborations. The visitors were able to tour [&hellip;]<\/p>\n\t\t\t\t\t\t\t\t\t<\/div>\n\n\t\t\t\t\t\t\t\t<\/div>\n\t\t\t\t\t\t\t\t<div class=\"footer-text-wrapper\">\n\t\t\t\t\t\t\t\t\t<p>See news<\/p>\n\t\t\t\t\t\t\t\t<\/div>\n\t\t\t\t\t\t\t\t<div class=\"metas\">\n\t\t\t\t\t\t\t\t\t<span>News<\/span>\n\t\t\t\t\t\t\t\t<\/div>\n\t\t\t\t\t\t\t<\/a><a href=\"https:\/\/iotmadlab.es\/en\/japanese-delegation-explores-madrids-open-interoperable-city-model-and-iotmadlab\/\" class=\"news-item\">\n\t\t\t\t\t\t\t\t<div class=\"img-box\"><img loading=\"lazy\" decoding=\"async\" width=\"640\" height=\"424\" src=\"https:\/\/iotmadlab.es\/wp-content\/uploads\/2025\/09\/DSC_8618-1024x678.jpg\" class=\"attachment-large size-large wp-post-image\" alt=\"\" srcset=\"https:\/\/iotmadlab.es\/wp-content\/uploads\/2025\/09\/DSC_8618-1024x678.jpg 1024w, https:\/\/iotmadlab.es\/wp-content\/uploads\/2025\/09\/DSC_8618-300x199.jpg 300w, https:\/\/iotmadlab.es\/wp-content\/uploads\/2025\/09\/DSC_8618-768x509.jpg 768w, https:\/\/iotmadlab.es\/wp-content\/uploads\/2025\/09\/DSC_8618-1536x1017.jpg 1536w, https:\/\/iotmadlab.es\/wp-content\/uploads\/2025\/09\/DSC_8618-2048x1356.jpg 2048w\" sizes=\"auto, (max-width: 640px) 100vw, 640px\" \/><\/div>\n\t\t\t\t\t\t\t\t<div class=\"text-container\">\n\t\t\t\t\t\t\t\t\t<div class=\"text-wrapper\">\n\t\t\t\t\t\t\t\t\t\t<h4>Japanese Delegation Explores Madrid&#8217;s Open &amp; Interoperable City Model and IoTMADLab<\/h4>\n\t\t\t\t\t\t\t\t\t\t<p>September 25, 2025 Last July, a working session took place where we shared Madrid\u2019s open and interoperable city model and the collaborative framework of IoTMADLAB, which brings together the five axes of technological innovation: public sector, industry, academia\/tech centers, entrepreneurs, and citizens. We were honored to welcome representatives from the Ministry of Land, Infrastructure, Transport [&hellip;]<\/p>\n\t\t\t\t\t\t\t\t\t<\/div>\n\n\t\t\t\t\t\t\t\t<\/div>\n\t\t\t\t\t\t\t\t<div class=\"footer-text-wrapper\">\n\t\t\t\t\t\t\t\t\t<p>See news<\/p>\n\t\t\t\t\t\t\t\t<\/div>\n\t\t\t\t\t\t\t\t<div class=\"metas\">\n\t\t\t\t\t\t\t\t\t<span>News<\/span>\n\t\t\t\t\t\t\t\t<\/div>\n\t\t\t\t\t\t\t<\/a><\/div>\n\t\t\t<\/div>\t<div class=\"custom-pagination\">\n\t\t\t\t<div class=\"button-prev flex flex__center\">\n\t\t\t<a class=\"ct-link button button-arrow disabled\" href=\"#\">\n\t\t\t\t<div class=\"ct-div-block button-container button-arrow-container\">\n\t\t\t\t\t<div class=\"ct-text-block button-text\">Preview<\/div>\n\t\t\t\t<\/div>\n\t\t\t<\/a>\n\t\t<\/div>\n\t\t<div class=\"pages\">\n\t\t\t<span class=\"current\">1<\/span><a href=\"https:\/\/iotmadlab.es\/en\/news\/page\/2\/\">2<\/a><a href=\"https:\/\/iotmadlab.es\/en\/news\/page\/3\/\">3<\/a><a href=\"https:\/\/iotmadlab.es\/en\/news\/page\/4\/\">4<\/a>\t\t<\/div>\n\t\t<div class=\"button-next flex flex__center\">\n\t\t\t<a class=\"ct-link button button-arrow \" href=\"https:\/\/iotmadlab.es\/en\/news\/page\/2\/\">\n\t\t\t\t<div class=\"ct-div-block button-container button-arrow-container\">\n\t\t\t\t\t<div class=\"ct-text-block button-text\">Follow<\/div>\n\t\t\t\t<\/div>\n\t\t\t<\/a>\n\t\t<\/div>\n\t\t\t<\/div>\n\t<\/div>\n\t<\/div>\n<\/section>","protected":false},"excerpt":{"rendered":"","protected":false},"author":6,"featured_media":0,"parent":0,"menu_order":0,"comment_status":"closed","ping_status":"closed","template":"","meta":{"_acf_changed":false,"inline_featured_image":false,"iawp_total_views":46,"footnotes":""},"class_list":["post-3289","page","type-page","status-publish","hentry"],"acf":[],"_links":{"self":[{"href":"https:\/\/iotmadlab.es\/en\/wp-json\/wp\/v2\/pages\/3289","targetHints":{"allow":["GET"]}}],"collection":[{"href":"https:\/\/iotmadlab.es\/en\/wp-json\/wp\/v2\/pages"}],"about":[{"href":"https:\/\/iotmadlab.es\/en\/wp-json\/wp\/v2\/types\/page"}],"author":[{"embeddable":true,"href":"https:\/\/iotmadlab.es\/en\/wp-json\/wp\/v2\/users\/6"}],"replies":[{"embeddable":true,"href":"https:\/\/iotmadlab.es\/en\/wp-json\/wp\/v2\/comments?post=3289"}],"version-history":[{"count":6,"href":"https:\/\/iotmadlab.es\/en\/wp-json\/wp\/v2\/pages\/3289\/revisions"}],"predecessor-version":[{"id":4321,"href":"https:\/\/iotmadlab.es\/en\/wp-json\/wp\/v2\/pages\/3289\/revisions\/4321"}],"wp:attachment":[{"href":"https:\/\/iotmadlab.es\/en\/wp-json\/wp\/v2\/media?parent=3289"}],"curies":[{"name":"wp","href":"https:\/\/api.w.org\/{rel}","templated":true}]}}